{"id":17,"date":"2025-04-15T13:44:53","date_gmt":"2025-04-15T13:44:53","guid":{"rendered":"https:\/\/scrantonlawfirm.com\/website_37924499\/?page_id=17"},"modified":"2026-01-19T15:21:07","modified_gmt":"2026-01-19T15:21:07","slug":"practice-areas","status":"publish","type":"page","link":"https:\/\/lojh.com\/es\/practice-areas\/","title":{"rendered":"\u00c1reas de pr\u00e1ctica"},"content":{"rendered":"<div data-elementor-type=\"wp-page\" data-elementor-id=\"17\" class=\"elementor elementor-17\" data-elementor-post-type=\"page\">\n\t\t\t\t<div class=\"elementor-element elementor-element-1faca63f e-flex e-con-boxed e-con e-parent\" data-id=\"1faca63f\" data-element_type=\"container\" data-e-type=\"container\" data-settings=\"{&quot;background_background&quot;:&quot;classic&quot;}\">\n\t\t\t\t\t<div class=\"e-con-inner\">\n\t\t<div class=\"elementor-element elementor-element-100af424 e-con-full e-flex e-con e-child\" data-id=\"100af424\" data-element_type=\"container\" data-e-type=\"container\">\n\t\t\t\t<div class=\"elementor-element elementor-element-18e4ee74 elementor-widget elementor-widget-heading\" data-id=\"18e4ee74\" data-element_type=\"widget\" data-e-type=\"widget\" data-widget_type=\"heading.default\">\n\t\t\t\t<div class=\"elementor-widget-container\">\n\t\t\t\t\t<h1 class=\"elementor-heading-title elementor-size-default\">\u00c1reas de pr\u00e1ctica<\/h1>\t\t\t\t<\/div>\n\t\t\t\t<\/div>\n\t\t\t\t<\/div>\n\t\t\t\t\t<\/div>\n\t\t\t\t<\/div>\n\t\t<div class=\"elementor-element elementor-element-71d3c529 e-flex e-con-boxed e-con e-parent\" data-id=\"71d3c529\" data-element_type=\"container\" data-e-type=\"container\">\n\t\t\t\t\t<div class=\"e-con-inner\">\n\t\t<div class=\"elementor-element elementor-element-3e83c8ef e-con-full e-flex e-con e-child\" data-id=\"3e83c8ef\" data-element_type=\"container\" data-e-type=\"container\">\n\t\t\t\t<div class=\"elementor-element elementor-element-47280924 elementor-widget elementor-widget-image\" data-id=\"47280924\" data-element_type=\"widget\" data-e-type=\"widget\" data-widget_type=\"image.default\">\n\t\t\t\t<div class=\"elementor-widget-container\">\n\t\t\t\t\t\t\t\t\t\t\t\t\t\t\t<img fetchpriority=\"high\" decoding=\"async\" width=\"1920\" height=\"1280\" src=\"https:\/\/lojh.com\/wp-content\/uploads\/2025\/04\/portrait-of-happy-family-waving-hands-at-camera-JKEDWDZ.jpg\" class=\"attachment-full size-full wp-image-51\" alt=\"\" srcset=\"https:\/\/lojh.com\/wp-content\/uploads\/2025\/04\/portrait-of-happy-family-waving-hands-at-camera-JKEDWDZ.jpg 1920w, https:\/\/lojh.com\/wp-content\/uploads\/2025\/04\/portrait-of-happy-family-waving-hands-at-camera-JKEDWDZ-300x200.jpg 300w, https:\/\/lojh.com\/wp-content\/uploads\/2025\/04\/portrait-of-happy-family-waving-hands-at-camera-JKEDWDZ-1024x683.jpg 1024w, https:\/\/lojh.com\/wp-content\/uploads\/2025\/04\/portrait-of-happy-family-waving-hands-at-camera-JKEDWDZ-768x512.jpg 768w, https:\/\/lojh.com\/wp-content\/uploads\/2025\/04\/portrait-of-happy-family-waving-hands-at-camera-JKEDWDZ-1536x1024.jpg 1536w\" sizes=\"(max-width: 1920px) 100vw, 1920px\" \/>\t\t\t\t\t\t\t\t\t\t\t\t\t\t\t<\/div>\n\t\t\t\t<\/div>\n\t\t\t\t<div class=\"elementor-element elementor-element-60cbbe57 elementor-widget elementor-widget-text-editor\" data-id=\"60cbbe57\" data-element_type=\"widget\" data-e-type=\"widget\" data-widget_type=\"text-editor.default\">\n\t\t\t\t<div class=\"elementor-widget-container\">\n\t\t\t\t\t\t\t\t\t<h2 id=\"h-providing-effective-legal-counsel-throughout-the-san-francisco-bay-area\" class=\"wp-block-heading\">Brindando asesor\u00eda legal efectiva en toda el \u00e1rea de la Bah\u00eda de San Francisco<\/h2>\t\t\t\t\t\t\t\t<\/div>\n\t\t\t\t<\/div>\n\t\t\t\t<div class=\"elementor-element elementor-element-16272ee5 elementor-widget elementor-widget-text-editor\" data-id=\"16272ee5\" data-element_type=\"widget\" data-e-type=\"widget\" data-widget_type=\"text-editor.default\">\n\t\t\t\t<div class=\"elementor-widget-container\">\n\t\t\t\t\t\t\t\t\t<p>Sufrir un accidente puede cambiar su vida y la de su familia, f\u00edsica, emocional y financieramente. Trabajar con un equipo experimentado y conocedor de abogados en lesiones personales y compensaci\u00f3n laboral puede marcar la diferencia para su futuro. En Las Oficinas de John Hill, nuestro equipo diverso y compasivo, junto con nuestros abogados, est\u00e1 preparado para atender sus necesidades legales despu\u00e9s de un accidente. Aunque no podemos retroceder el tiempo ni evitar que ocurra la lesi\u00f3n o el accidente, podemos ayudar a asegurar que quienes causaron el da\u00f1o sean responsables por sus acciones. Nuestro equipo de abogados experimentados maneja una variedad de casos, incluyendo compensaci\u00f3n laboral, lesiones personales y discriminaci\u00f3n laboral, y podemos asistirle en ingl\u00e9s y espa\u00f1ol.<\/p>\t\t\t\t\t\t\t\t<\/div>\n\t\t\t\t<\/div>\n\t\t\t\t<div class=\"elementor-element elementor-element-f65dce2 elementor-widget elementor-widget-text-editor\" data-id=\"f65dce2\" data-element_type=\"widget\" data-e-type=\"widget\" data-widget_type=\"text-editor.default\">\n\t\t\t\t<div class=\"elementor-widget-container\">\n\t\t\t\t\t\t\t\t\t<h2 id=\"h-no-matter-what-happened-we-re-ready-to-assist\" class=\"wp-block-heading\">No importa lo que haya pasado, estamos listos para ayudarle<\/h2>\t\t\t\t\t\t\t\t<\/div>\n\t\t\t\t<\/div>\n\t\t\t\t<div class=\"elementor-element elementor-element-7f395443 elementor-widget elementor-widget-text-editor\" data-id=\"7f395443\" data-element_type=\"widget\" data-e-type=\"widget\" data-widget_type=\"text-editor.default\">\n\t\t\t\t<div class=\"elementor-widget-container\">\n\t\t\t\t\t\t\t\t\t<p>Las Oficinas de John Hill han sido la elecci\u00f3n de familias en todo el norte de California por casi 40 a\u00f1os. Nuestro enfoque est\u00e1 en mejorar la vida de nuestros clientes que han sufrido una lesi\u00f3n. Somos accesibles y receptivos, y nos tomamos el tiempo para ayudarle a entender sus derechos y trabajar con usted para obtener la m\u00e1xima compensaci\u00f3n y recuperaci\u00f3n por sus lesiones.<\/p><p>Los abogados de la firma han manejado con \u00e9xito miles de demandas y reclamaciones para clientes que necesitan un apoyo legal firme en casos que involucran:<\/p>\t\t\t\t\t\t\t\t<\/div>\n\t\t\t\t<\/div>\n\t\t\t\t<div class=\"elementor-element elementor-element-4c7353d7 elementor-widget elementor-widget-text-editor\" data-id=\"4c7353d7\" data-element_type=\"widget\" data-e-type=\"widget\" data-widget_type=\"text-editor.default\">\n\t\t\t\t<div class=\"elementor-widget-container\">\n\t\t\t\t\t\t\t\t\t<ul class=\"wp-block-list\"><li><strong><a href=\"https:\/\/www.hill-law-offices.com\/practice-areas\/workers-compensation\/\">Compensaci\u00f3n laboral<\/a>:<\/strong>\u00a0Las lesiones laborales son un \u00e1rea \u00fanica del derecho de lesiones personales, ya que las lesiones sufridas mientras trabaja \u2014 ya sea en un sitio de trabajo, en su veh\u00edculo de trabajo o en las instalaciones de la empresa \u2014 suelen estar cubiertas por el seguro de compensaci\u00f3n laboral de su empleador. Esto significa que tiene derecho a un paquete de beneficios establecidos y a un tiempo parcial pagado mientras se recupera.<\/li><li><strong><a href=\"https:\/\/www.hill-law-offices.com\/practice-areas\/personal-injury\/\">Lesiones personales<\/a>:<\/strong>\u00a0La v\u00edctima de una lesi\u00f3n personal puede tener derecho a una compensaci\u00f3n econ\u00f3mica y, en algunos casos, a da\u00f1os punitivos. La lesi\u00f3n personal es el da\u00f1o sufrido psicol\u00f3gica o f\u00edsicamente como resultado de un accidente e incluye demandas por accidentes de tr\u00e1nsito, accidentes laborales, agresiones, enfermedades industriales y lesiones por esfuerzo o estr\u00e9s. Para poder presentar una demanda, su lesi\u00f3n personal debe haber ocurrido debido a la negligencia o acciones irrazonablemente inseguras de un fabricante, m\u00e9dico, arrendador u otra persona u organizaci\u00f3n que ten\u00eda el deber de brindarle un cuidado ordinario. Nuestros abogados de lesiones personales pueden ayudarle como v\u00edctima explic\u00e1ndole sus derechos, asegur\u00e1ndose de que sean protegidos y luchando para obtener una compensaci\u00f3n adecuada por sus lesiones.<\/li><li><strong><a href=\"https:\/\/www.hill-law-offices.com\/practice-areas\/personal-injury\/medical-malpractice\/\">Negligencia m\u00e9dica<\/a>:<\/strong>\u00a0Un m\u00e9dico u otro proveedor de atenci\u00f3n m\u00e9dica puede ser responsable por negligencia m\u00e9dica si la persona se desv\u00eda de los est\u00e1ndares aceptados de pr\u00e1ctica. Para probar la negligencia m\u00e9dica y establecer la responsabilidad del proveedor de atenci\u00f3n m\u00e9dica, la v\u00edctima debe obtener el testimonio de un experto en negligencia m\u00e9dica que demuestre que la negligencia del proveedor fue causa de la lesi\u00f3n o muerte. Cuando los abogados de agravios y la v\u00edctima pueden establecer la responsabilidad, generalmente se otorgan da\u00f1os. Adem\u00e1s, la v\u00edctima debe presentar una demanda por negligencia m\u00e9dica dentro de un per\u00edodo de tiempo determinado seg\u00fan el plazo de prescripci\u00f3n establecido para estos casos. Un abogado especializado en negligencia m\u00e9dica puede ayudar a la v\u00edctima a obtener el testimonio experto y a navegar los numerosos asuntos procesales asociados con estas demandas.<\/li><li><strong><a href=\"https:\/\/www.hill-law-offices.com\/practice-areas\/personal-injury\/product-defects\/\">Responsabilidad por productos defectuosos<\/a>:<\/strong>\u00a0Los productos pueden causar lesiones cuando no cuentan con advertencias adecuadas o son fabricados de manera negligente. Debido a que intervienen muchos pasos en la fabricaci\u00f3n, venta y distribuci\u00f3n de productos, una lesi\u00f3n causada por un producto puede ser resultado de una o m\u00e1s causas. Los defectos en el dise\u00f1o, fabricaci\u00f3n o comercializaci\u00f3n de un producto generan muchas demandas. Un caso de responsabilidad por productos puede involucrar responsabilidad objetiva, incumplimiento de garant\u00eda, negligencia, defectos de fabricaci\u00f3n y dise\u00f1o, o falta de advertencia. Un abogado especializado en responsabilidad por productos puede ayudarle a identificar a los posibles responsables y obtener testimonio experto para respaldar sus demandas.<\/li><li><strong><a href=\"https:\/\/www.hill-law-offices.com\/practice-areas\/employment-litigation\/wage-and-hour\/\">Salario y horas laborales<\/a>:<\/strong>\u00a0Nuestra firma se esfuerza por lograr que los trabajadores reciban el trato justo al que tienen derecho por ley.<\/li><\/ul>\t\t\t\t\t\t\t\t<\/div>\n\t\t\t\t<\/div>\n\t\t\t\t<div class=\"elementor-element elementor-element-902b6b8 elementor-widget elementor-widget-text-editor\" data-id=\"902b6b8\" data-element_type=\"widget\" data-e-type=\"widget\" data-widget_type=\"text-editor.default\">\n\t\t\t\t<div class=\"elementor-widget-container\">\n\t\t\t\t\t\t\t\t\t<h2 id=\"h-find-the-right-attorney-to-fight-for-you-contact-us-today\" class=\"wp-block-heading\">Encuentre al abogado adecuado que luche por usted. \u00a1Cont\u00e1ctenos hoy!<\/h2>\t\t\t\t\t\t\t\t<\/div>\n\t\t\t\t<\/div>\n\t\t\t\t<div class=\"elementor-element elementor-element-20340f6 elementor-widget elementor-widget-text-editor\" data-id=\"20340f6\" data-element_type=\"widget\" data-e-type=\"widget\" data-widget_type=\"text-editor.default\">\n\t\t\t\t<div class=\"elementor-widget-container\">\n\t\t\t\t\t\t\t\t\t<p>Para obtener m\u00e1s informaci\u00f3n sobre c\u00f3mo Las Oficinas de John E. Hill, P.C. pueden ayudarle a usted y a sus seres queridos, contacte a nuestra firma al (510) 588-1000 o mediante nuestro formulario de contacto en l\u00ednea. Atendemos a clientes en todo el norte de California, incluyendo San Francisco, Berkeley, Fremont, Hayward y toda el \u00e1rea de la Bah\u00eda. Para su comodidad, contamos con horarios de oficina flexibles y la mayor\u00eda de nuestro personal habla espa\u00f1ol con fluidez. Obtenga una\u00a0<a href=\"https:\/\/www.hill-law-offices.com\/contact-us\/\">consulta inicial<\/a>\u00a0gratuita con un abogado experimentado.<\/p>\t\t\t\t\t\t\t\t<\/div>\n\t\t\t\t<\/div>\n\t\t\t\t<div class=\"elementor-element elementor-element-d6a63c3 elementor-widget elementor-widget-text-editor\" data-id=\"d6a63c3\" data-element_type=\"widget\" data-e-type=\"widget\" data-widget_type=\"text-editor.default\">\n\t\t\t\t<div class=\"elementor-widget-container\">\n\t\t\t\t\t\t\t\t\t<ul class=\"ui-list -level-1\">\n \t<li class=\"item\"><span style=\"text-decoration: underline;\"><a href=\"https:\/\/lojh.com\/es\/car-accident\/\">Accidente de auto<\/a><\/span><\/li>\n \t<li class=\"item\"><span style=\"text-decoration: underline;\">Lesiones personales<\/span>\n<ul class=\"ui-list -level-2\">\n \t<li class=\"item\"><span style=\"text-decoration: underline;\"><a href=\"https:\/\/lojh.com\/es\/birth-injuries\/\">Lesiones al nacer<\/a><\/span><\/li>\n \t<li class=\"item\"><span style=\"text-decoration: underline;\"><a href=\"https:\/\/lojh.com\/es\/construction-site-accidents\/\">Accidentes en sitios de construcci\u00f3n<\/a><\/span><\/li>\n \t<li class=\"item\"><span style=\"text-decoration: underline;\"><a href=\"https:\/\/lojh.com\/es\/medical-malpractice\/\">Negligencia m\u00e9dica<\/a><\/span><\/li>\n \t<li class=\"item\"><span style=\"text-decoration: underline;\"><a href=\"https:\/\/lojh.com\/es\/medication-and-surgical-errors\/\">Errores m\u00e9dicos y quir\u00fargicos<\/a><\/span><\/li>\n \t<li class=\"item\"><span style=\"text-decoration: underline;\"><a href=\"https:\/\/lojh.com\/es\/nursing-home-injuries\/\">Lesiones en hogares de ancianos<\/a><\/span><\/li>\n \t<li class=\"item\"><span style=\"text-decoration: underline;\"><a href=\"https:\/\/lojh.com\/es\/power-tool-injuries\/\">Lesiones con herramientas el\u00e9ctricas<\/a><\/span><\/li>\n \t<li class=\"item\"><span style=\"text-decoration: underline;\"><a href=\"https:\/\/lojh.com\/es\/product-defects\/\">Defectos de productos<\/a><\/span><\/li>\n \t<li class=\"item\"><span style=\"text-decoration: underline;\"><a href=\"https:\/\/lojh.com\/es\/slip-fall\/\">Resbalones y ca\u00eddas<\/a><\/span><\/li>\n \t<li class=\"item\"><span style=\"text-decoration: underline;\"><a href=\"https:\/\/lojh.com\/es\/torts\/\">Agravios<\/a><\/span><\/li>\n<\/ul>\n<\/li>\n \t<li class=\"item\"><span style=\"text-decoration: underline;\"><a href=\"https:\/\/lojh.com\/es\/workers-compensation\/\">Compensaci\u00f3n laboral<\/a><\/span>\n<ul class=\"ui-list -level-2\">\n \t<li class=\"item\"><span style=\"text-decoration: underline;\"><a href=\"https:\/\/lojh.com\/es\/do-i-have-a-workers-compensation-case\/\">\u00bfTengo un caso de compensaci\u00f3n laboral?<\/a><\/span><\/li>\n \t<li class=\"item\"><span style=\"text-decoration: underline;\"><a href=\"https:\/\/lojh.com\/es\/i-was-injured-at-work-should-i-get-a-lawyer-to-represent-me\/\">Me lesion\u00e9 en el trabajo. \u00bfDeber\u00eda contratar a un abogado para que me represente?<\/a><\/span><\/li>\n \t<li class=\"item\"><span style=\"text-decoration: underline;\"><a href=\"https:\/\/lojh.com\/es\/issues-with-my-workers-compensation-claim\/\">Problemas con mi demanda de compensaci\u00f3n laboral<\/a><\/span><\/li>\n \t<li class=\"item\"><span style=\"text-decoration: underline;\"><a href=\"https:\/\/lojh.com\/es\/receiving-a-settlement-for-lost-wages\/\">Obtenci\u00f3n de un acuerdo por salarios perdidos<\/a><\/span><\/li>\n \t<li class=\"item\"><span style=\"text-decoration: underline;\"><a href=\"https:\/\/lojh.com\/es\/third-party-lawsuits\/\">Demandas de terceros<\/a><\/span><\/li>\n \t<li class=\"item\"><span style=\"text-decoration: underline;\"><a href=\"https:\/\/lojh.com\/es\/using-a-professional-when-filing-a-claim\/\">Uso de un profesional al presentar una reclamaci\u00f3n<\/a><\/span><\/li>\n \t<li class=\"item\"><span style=\"text-decoration: underline;\"><a href=\"https:\/\/lojh.com\/es\/what-are-my-rights\/\">\u00bfCu\u00e1les son mis derechos?<\/a><\/span><\/li>\n \t<li class=\"item\"><span style=\"text-decoration: underline;\"><a href=\"https:\/\/lojh.com\/es\/what-should-i-do-after-an-injury\/\">\u00bfQu\u00e9 debo hacer despu\u00e9s de una lesi\u00f3n?<\/a><\/span><\/li>\n \t<li class=\"item\"><span style=\"text-decoration: underline;\"><a href=\"https:\/\/lojh.com\/es\/workplace-accidents\/\">accidentes laborales<\/a><\/span><\/li>\n<\/ul>\n<\/li>\n \t<li class=\"item\"><span style=\"text-decoration: underline;\"><a href=\"https:\/\/lojh.com\/es\/civil-rights\/\">Derechos civiles<\/a><\/span><\/li>\n \t<li class=\"item\"><span style=\"text-decoration: underline;\"><a href=\"https:\/\/lojh.com\/es\/employment-litigation\/\">Litigios laborales<\/a><\/span>\n<ul class=\"ui-list -level-2\">\n \t<li class=\"item\"><span style=\"text-decoration: underline;\"><a href=\"https:\/\/lojh.com\/es\/sexuals-harassment\/\">Acoso sexual<\/a><\/span><\/li>\n \t<li class=\"item\"><span style=\"text-decoration: underline;\"><a href=\"https:\/\/lojh.com\/es\/wage-and-hour\/\">Salario y horas<\/a><\/span><\/li>\n<\/ul>\n<\/li>\n<\/ul>\t\t\t\t\t\t\t\t<\/div>\n\t\t\t\t<\/div>\n\t\t\t\t<\/div>\n\t\t<div class=\"elementor-element elementor-element-452c6a08 e-con-full e-flex e-con e-child\" data-id=\"452c6a08\" data-element_type=\"container\" data-e-type=\"container\">\n\t\t<div class=\"elementor-element elementor-element-17f103fc e-con-full e-flex e-con e-child\" data-id=\"17f103fc\" data-element_type=\"container\" data-e-type=\"container\">\n\t\t<div class=\"elementor-element elementor-element-6750e2eb e-con-full e-flex e-con e-child\" data-id=\"6750e2eb\" data-element_type=\"container\" data-e-type=\"container\">\n\t\t<div class=\"elementor-element elementor-element-11f16e03 e-con-full e-flex e-con e-child\" data-id=\"11f16e03\" data-element_type=\"container\" data-e-type=\"container\" data-settings=\"{&quot;background_background&quot;:&quot;classic&quot;}\">\n\t\t\t\t<div class=\"elementor-element elementor-element-45ab2cb8 elementor-widget elementor-widget-heading\" data-id=\"45ab2cb8\" data-element_type=\"widget\" data-e-type=\"widget\" data-widget_type=\"heading.default\">\n\t\t\t\t<div class=\"elementor-widget-container\">\n\t\t\t\t\t<h4 class=\"elementor-heading-title elementor-size-default\">Obtenga su consulta gratuita<\/h4>\t\t\t\t<\/div>\n\t\t\t\t<\/div>\n\t\t<div class=\"elementor-element elementor-element-2c9643f5 e-con-full e-flex e-con e-child\" data-id=\"2c9643f5\" data-element_type=\"container\" data-e-type=\"container\">\n\t\t\t\t<\/div>\n\t\t<div class=\"elementor-element elementor-element-5e9c646e e-con-full e-flex e-con e-child\" data-id=\"5e9c646e\" data-element_type=\"container\" data-e-type=\"container\">\n\t\t\t\t<\/div>\n\t\t<div class=\"elementor-element elementor-element-7af1060b e-con-full e-flex e-con e-child\" data-id=\"7af1060b\" data-element_type=\"container\" data-e-type=\"container\">\n\t\t\t\t<\/div>\n\t\t\t\t<\/div>\n\t\t\t\t<\/div>\n\t\t\t\t<\/div>\n\t\t<div class=\"elementor-element elementor-element-446fd036 e-con-full e-flex e-con e-child\" data-id=\"446fd036\" data-element_type=\"container\" data-e-type=\"container\">\n\t\t<div class=\"elementor-element elementor-element-76f3831d e-con-full e-flex e-con e-child\" data-id=\"76f3831d\" data-element_type=\"container\" data-e-type=\"container\" data-settings=\"{&quot;background_background&quot;:&quot;classic&quot;}\">\n\t\t\t\t<div class=\"elementor-element elementor-element-3e317be7 elementor-widget elementor-widget-heading\" data-id=\"3e317be7\" data-element_type=\"widget\" data-e-type=\"widget\" data-widget_type=\"heading.default\">\n\t\t\t\t<div class=\"elementor-widget-container\">\n\t\t\t\t\t<h4 class=\"elementor-heading-title elementor-size-default\">\u00c1reas de pr\u00e1ctica<\/h4>\t\t\t\t<\/div>\n\t\t\t\t<\/div>\n\t\t\t\t<div class=\"elementor-element elementor-element-aa6ee8b elementor-align-start elementor-icon-list--layout-traditional elementor-list-item-link-full_width elementor-widget elementor-widget-icon-list\" data-id=\"aa6ee8b\" data-element_type=\"widget\" data-e-type=\"widget\" data-widget_type=\"icon-list.default\">\n\t\t\t\t<div class=\"elementor-widget-container\">\n\t\t\t\t\t\t\t<ul class=\"elementor-icon-list-items\">\n\t\t\t\t\t\t\t<li class=\"elementor-icon-list-item\">\n\t\t\t\t\t\t\t\t\t\t\t<a href=\"#\">\n\n\t\t\t\t\t\t\t\t\t\t\t<span class=\"elementor-icon-list-text\">Accidente de auto<\/span>\n\t\t\t\t\t\t\t\t\t\t\t<\/a>\n\t\t\t\t\t\t\t\t\t<\/li>\n\t\t\t\t\t\t\t\t<li class=\"elementor-icon-list-item\">\n\t\t\t\t\t\t\t\t\t\t\t<a href=\"#\">\n\n\t\t\t\t\t\t\t\t\t\t\t<span class=\"elementor-icon-list-text\">Lesiones personales<\/span>\n\t\t\t\t\t\t\t\t\t\t\t<\/a>\n\t\t\t\t\t\t\t\t\t<\/li>\n\t\t\t\t\t\t\t\t<li class=\"elementor-icon-list-item\">\n\t\t\t\t\t\t\t\t\t\t\t<a href=\"#\">\n\n\t\t\t\t\t\t\t\t\t\t\t<span class=\"elementor-icon-list-text\">Compensaci\u00f3n laboral<\/span>\n\t\t\t\t\t\t\t\t\t\t\t<\/a>\n\t\t\t\t\t\t\t\t\t<\/li>\n\t\t\t\t\t\t\t\t<li class=\"elementor-icon-list-item\">\n\t\t\t\t\t\t\t\t\t\t\t<a href=\"#\">\n\n\t\t\t\t\t\t\t\t\t\t\t<span class=\"elementor-icon-list-text\">Derechos civiles<\/span>\n\t\t\t\t\t\t\t\t\t\t\t<\/a>\n\t\t\t\t\t\t\t\t\t<\/li>\n\t\t\t\t\t\t\t\t<li class=\"elementor-icon-list-item\">\n\t\t\t\t\t\t\t\t\t\t\t<a href=\"#\">\n\n\t\t\t\t\t\t\t\t\t\t\t<span class=\"elementor-icon-list-text\">Litigios laborales<\/span>\n\t\t\t\t\t\t\t\t\t\t\t<\/a>\n\t\t\t\t\t\t\t\t\t<\/li>\n\t\t\t\t\t\t<\/ul>\n\t\t\t\t\t\t<\/div>\n\t\t\t\t<\/div>\n\t\t\t\t<\/div>\n\t\t\t\t<\/div>\n\t\t<div class=\"elementor-element elementor-element-70f7fd96 e-con-full e-flex e-con e-child\" data-id=\"70f7fd96\" data-element_type=\"container\" data-e-type=\"container\">\n\t\t\t\t<\/div>\n\t\t\t\t<\/div>\n\t\t\t\t\t<\/div>\n\t\t\t\t<\/div>\n\t\t\t\t<\/div>","protected":false},"excerpt":{"rendered":"<p>Practice Areas Providing Effective Legal Counsel Throughout the San Francisco Bay Area Being in an accident can change your life and that of your family, physically, emotionally and financially. Working with an experienced, knowledgeable team of personal injury and Workers\u2019 Compensation lawyers can make a difference for your future. At the Law Offices of John [&hellip;]<\/p>","protected":false},"author":1,"featured_media":0,"parent":0,"menu_order":0,"comment_status":"closed","ping_status":"closed","template":"elementor_header_footer","meta":{"footnotes":""},"class_list":["post-17","page","type-page","status-publish","hentry"],"_links":{"self":[{"href":"https:\/\/lojh.com\/es\/wp-json\/wp\/v2\/pages\/17","targetHints":{"allow":["GET"]}}],"collection":[{"href":"https:\/\/lojh.com\/es\/wp-json\/wp\/v2\/pages"}],"about":[{"href":"https:\/\/lojh.com\/es\/wp-json\/wp\/v2\/types\/page"}],"author":[{"embeddable":true,"href":"https:\/\/lojh.com\/es\/wp-json\/wp\/v2\/users\/1"}],"replies":[{"embeddable":true,"href":"https:\/\/lojh.com\/es\/wp-json\/wp\/v2\/comments?post=17"}],"version-history":[{"count":16,"href":"https:\/\/lojh.com\/es\/wp-json\/wp\/v2\/pages\/17\/revisions"}],"predecessor-version":[{"id":993,"href":"https:\/\/lojh.com\/es\/wp-json\/wp\/v2\/pages\/17\/revisions\/993"}],"wp:attachment":[{"href":"https:\/\/lojh.com\/es\/wp-json\/wp\/v2\/media?parent=17"}],"curies":[{"name":"wp","href":"https:\/\/api.w.org\/{rel}","templated":true}]}}